{"id":3325,"date":"2024-09-12T16:31:27","date_gmt":"2024-09-12T14:31:27","guid":{"rendered":"https:\/\/omabverona.it\/?page_id=3325"},"modified":"2024-11-04T16:26:32","modified_gmt":"2024-11-04T15:26:32","slug":"sfogliatrice","status":"publish","type":"page","link":"https:\/\/omabverona.it\/en\/sfogliatrice\/","title":{"rendered":"Sheeter"},"content":{"rendered":"<div class=\"wpb-content-wrapper\"><div class=\"vc_row wpb_row vc_row-fluid\"><div class=\"wpb_column vc_column_container vc_col-sm-12\"><div class=\"vc_column-inner\"><div class=\"wpb_wrapper\"><div class=\"vc_empty_space\"   style=\"height: 32px\"><span class=\"vc_empty_space_inner\"><\/span><\/div><\/div><\/div><\/div><\/div><div class=\"vc_row wpb_row vc_row-fluid\"><div class=\"wpb_column vc_column_container vc_col-sm-6\"><div class=\"vc_column-inner\"><div class=\"wpb_wrapper\">\n\t<div  class=\"wpb_single_image wpb_content_element vc_align_left\">\n\t\t\n\t\t<figure class=\"wpb_wrapper vc_figure\">\n\t\t\t<div class=\"vc_single_image-wrapper   vc_box_border_grey\"><img loading=\"lazy\" decoding=\"async\" width=\"800\" height=\"800\" src=\"https:\/\/omabverona.it\/wp-content\/uploads\/2024\/09\/sf-aperta-Prodotti-1.jpg\" class=\"vc_single_image-img attachment-full\" alt=\"\" title=\"sf-aperta Prodotti\" srcset=\"https:\/\/omabverona.it\/wp-content\/uploads\/2024\/09\/sf-aperta-Prodotti-1.jpg 800w, https:\/\/omabverona.it\/wp-content\/uploads\/2024\/09\/sf-aperta-Prodotti-1-300x300.jpg 300w, https:\/\/omabverona.it\/wp-content\/uploads\/2024\/09\/sf-aperta-Prodotti-1-150x150.jpg 150w, https:\/\/omabverona.it\/wp-content\/uploads\/2024\/09\/sf-aperta-Prodotti-1-768x768.jpg 768w, https:\/\/omabverona.it\/wp-content\/uploads\/2024\/09\/sf-aperta-Prodotti-1-600x600.jpg 600w, https:\/\/omabverona.it\/wp-content\/uploads\/2024\/09\/sf-aperta-Prodotti-1-100x100.jpg 100w\" sizes=\"auto, (max-width: 800px) 100vw, 800px\" \/><\/div>\n\t\t<\/figure>\n\t<\/div>\n<\/div><\/div><\/div><div class=\"wpb_column vc_column_container vc_col-sm-6\"><div class=\"vc_column-inner\"><div class=\"wpb_wrapper\">\n\t<div  class=\"wpb_single_image wpb_content_element vc_align_left\">\n\t\t\n\t\t<figure class=\"wpb_wrapper vc_figure\">\n\t\t\t<div class=\"vc_single_image-wrapper   vc_box_border_grey\"><img loading=\"lazy\" decoding=\"async\" width=\"800\" height=\"800\" src=\"https:\/\/omabverona.it\/wp-content\/uploads\/2024\/09\/sf-chiusa.jpg\" class=\"vc_single_image-img attachment-full\" alt=\"\" title=\"sf-chiusa\" srcset=\"https:\/\/omabverona.it\/wp-content\/uploads\/2024\/09\/sf-chiusa.jpg 800w, https:\/\/omabverona.it\/wp-content\/uploads\/2024\/09\/sf-chiusa-300x300.jpg 300w, https:\/\/omabverona.it\/wp-content\/uploads\/2024\/09\/sf-chiusa-150x150.jpg 150w, https:\/\/omabverona.it\/wp-content\/uploads\/2024\/09\/sf-chiusa-768x768.jpg 768w, https:\/\/omabverona.it\/wp-content\/uploads\/2024\/09\/sf-chiusa-600x600.jpg 600w, https:\/\/omabverona.it\/wp-content\/uploads\/2024\/09\/sf-chiusa-100x100.jpg 100w\" sizes=\"auto, (max-width: 800px) 100vw, 800px\" \/><\/div>\n\t\t<\/figure>\n\t<\/div>\n<\/div><\/div><\/div><\/div><div class=\"vc_row wpb_row vc_row-fluid\"><div class=\"wpb_column vc_column_container vc_col-sm-4\"><div class=\"vc_column-inner\"><div class=\"wpb_wrapper\">\n\t<div  class=\"wpb_single_image wpb_content_element vc_align_left\">\n\t\t\n\t\t<figure class=\"wpb_wrapper vc_figure\">\n\t\t\t<div class=\"vc_single_image-wrapper   vc_box_border_grey\"><img loading=\"lazy\" decoding=\"async\" width=\"1000\" height=\"752\" src=\"https:\/\/omabverona.it\/wp-content\/uploads\/2024\/09\/spessore.jpg\" class=\"vc_single_image-img attachment-full\" alt=\"\" title=\"spessore\" srcset=\"https:\/\/omabverona.it\/wp-content\/uploads\/2024\/09\/spessore.jpg 1000w, https:\/\/omabverona.it\/wp-content\/uploads\/2024\/09\/spessore-300x226.jpg 300w, https:\/\/omabverona.it\/wp-content\/uploads\/2024\/09\/spessore-768x578.jpg 768w, https:\/\/omabverona.it\/wp-content\/uploads\/2024\/09\/spessore-80x60.jpg 80w, https:\/\/omabverona.it\/wp-content\/uploads\/2024\/09\/spessore-600x451.jpg 600w\" sizes=\"auto, (max-width: 1000px) 100vw, 1000px\" \/><\/div>\n\t\t<\/figure>\n\t<\/div>\n\n\t<div class=\"wpb_text_column wpb_content_element\" >\n\t\t<div class=\"wpb_wrapper\">\n\t\t\t<p style=\"text-align: center;\">Protection Grid<\/p>\n\n\t\t<\/div>\n\t<\/div>\n<\/div><\/div><\/div><div class=\"wpb_column vc_column_container vc_col-sm-4\"><div class=\"vc_column-inner\"><div class=\"wpb_wrapper\">\n\t<div  class=\"wpb_single_image wpb_content_element vc_align_left\">\n\t\t\n\t\t<figure class=\"wpb_wrapper vc_figure\">\n\t\t\t<div class=\"vc_single_image-wrapper   vc_box_border_grey\"><img loading=\"lazy\" decoding=\"async\" width=\"1000\" height=\"752\" src=\"https:\/\/omabverona.it\/wp-content\/uploads\/2024\/09\/tappeto.jpg\" class=\"vc_single_image-img attachment-full\" alt=\"\" title=\"tappeto\" srcset=\"https:\/\/omabverona.it\/wp-content\/uploads\/2024\/09\/tappeto.jpg 1000w, https:\/\/omabverona.it\/wp-content\/uploads\/2024\/09\/tappeto-300x226.jpg 300w, https:\/\/omabverona.it\/wp-content\/uploads\/2024\/09\/tappeto-768x578.jpg 768w, https:\/\/omabverona.it\/wp-content\/uploads\/2024\/09\/tappeto-80x60.jpg 80w, https:\/\/omabverona.it\/wp-content\/uploads\/2024\/09\/tappeto-600x451.jpg 600w\" sizes=\"auto, (max-width: 1000px) 100vw, 1000px\" \/><\/div>\n\t\t<\/figure>\n\t<\/div>\n\n\t<div class=\"wpb_text_column wpb_content_element\" >\n\t\t<div class=\"wpb_wrapper\">\n\t\t\t<p style=\"text-align: center;\">Carpet adjustment<\/p>\n\n\t\t<\/div>\n\t<\/div>\n<\/div><\/div><\/div><div class=\"wpb_column vc_column_container vc_col-sm-4\"><div class=\"vc_column-inner\"><div class=\"wpb_wrapper\">\n\t<div  class=\"wpb_single_image wpb_content_element vc_align_left\">\n\t\t\n\t\t<figure class=\"wpb_wrapper vc_figure\">\n\t\t\t<div class=\"vc_single_image-wrapper   vc_box_border_grey\"><img loading=\"lazy\" decoding=\"async\" width=\"1000\" height=\"752\" src=\"https:\/\/omabverona.it\/wp-content\/uploads\/2024\/09\/part-sfogliatrice.jpg\" class=\"vc_single_image-img attachment-full\" alt=\"\" title=\"part-sfogliatrice\" srcset=\"https:\/\/omabverona.it\/wp-content\/uploads\/2024\/09\/part-sfogliatrice.jpg 1000w, https:\/\/omabverona.it\/wp-content\/uploads\/2024\/09\/part-sfogliatrice-300x226.jpg 300w, https:\/\/omabverona.it\/wp-content\/uploads\/2024\/09\/part-sfogliatrice-768x578.jpg 768w, https:\/\/omabverona.it\/wp-content\/uploads\/2024\/09\/part-sfogliatrice-80x60.jpg 80w, https:\/\/omabverona.it\/wp-content\/uploads\/2024\/09\/part-sfogliatrice-600x451.jpg 600w\" sizes=\"auto, (max-width: 1000px) 100vw, 1000px\" \/><\/div>\n\t\t<\/figure>\n\t<\/div>\n\n\t<div class=\"wpb_text_column wpb_content_element\" >\n\t\t<div class=\"wpb_wrapper\">\n\t\t\t<p style=\"text-align: center;\">Thickness adjustment<\/p>\n\n\t\t<\/div>\n\t<\/div>\n<\/div><\/div><\/div><\/div><div class=\"vc_row wpb_row vc_row-fluid\"><div class=\"wpb_column vc_column_container vc_col-sm-12\"><div class=\"vc_column-inner\"><div class=\"wpb_wrapper\">\n\t<div class=\"wpb_text_column wpb_content_element\" >\n\t\t<div class=\"wpb_wrapper\">\n\t\t\t<div class=\"wpb_text_column wpb_content_element\">\n<div class=\"wpb_wrapper\">\n<p>This machine made of welded steel is suitable for laminating pasta and making it puffy. This is possible due to the differentiated speed of the 2 conveyor belts. The rollers are made of thick chromed steel, with upper and lower scrapers that are extremely easy to dismantle for cleaning the machine. This ease is also found in the assembly and disassembly of the conveyor frames. The machine is equipped with a pedal to control the two directions of travel and a graduated scale with relative handle stop for regulating the thickness of the dough to be laminated. Extreme working safety is provided by two protection panels and a 24V electrical system compliant with the law. It is equipped with 2 rolling pins, upper flour duster and flour collectors under the rollers and conveyor frames. Once the work is completed, the conveyor belts are raised to reduce the overall dimensions of the machine. The frames are removable on all sheeters.<\/p>\n<\/div>\n<\/div>\n\n\t\t<\/div>\n\t<\/div>\n\n\t<div  class=\"wpb_single_image wpb_content_element vc_align_center\">\n\t\t\n\t\t<figure class=\"wpb_wrapper vc_figure\">\n\t\t\t<a class=\"\" data-lightbox=\"lightbox[rel-3325-447709551]\" href=\"https:\/\/omabverona.it\/wp-content\/uploads\/2024\/09\/Screenshot-2024-09-12-alle-16.45.50-1024x251.png\" target=\"_self\"><img loading=\"lazy\" decoding=\"async\" width=\"1558\" height=\"382\" src=\"https:\/\/omabverona.it\/wp-content\/uploads\/2024\/09\/Screenshot-2024-09-12-alle-16.45.50.png\" class=\"vc_single_image-img attachment-full\" alt=\"\" title=\"Screenshot 2024-09-12 alle 16.45.50\" srcset=\"https:\/\/omabverona.it\/wp-content\/uploads\/2024\/09\/Screenshot-2024-09-12-alle-16.45.50.png 1558w, https:\/\/omabverona.it\/wp-content\/uploads\/2024\/09\/Screenshot-2024-09-12-alle-16.45.50-300x74.png 300w, https:\/\/omabverona.it\/wp-content\/uploads\/2024\/09\/Screenshot-2024-09-12-alle-16.45.50-1024x251.png 1024w, https:\/\/omabverona.it\/wp-content\/uploads\/2024\/09\/Screenshot-2024-09-12-alle-16.45.50-768x188.png 768w, https:\/\/omabverona.it\/wp-content\/uploads\/2024\/09\/Screenshot-2024-09-12-alle-16.45.50-1536x377.png 1536w, https:\/\/omabverona.it\/wp-content\/uploads\/2024\/09\/Screenshot-2024-09-12-alle-16.45.50-600x147.png 600w\" sizes=\"auto, (max-width: 1558px) 100vw, 1558px\" \/><\/a>\n\t\t<\/figure>\n\t<\/div>\n<div class=\"vc_btn3-container vc_btn3-center\" ><a style=\"background-color:#00aa4f; color:#ffffff;\" class=\"vc_general vc_btn3 vc_btn3-size-md vc_btn3-shape-rounded vc_btn3-style-custom\" href=\"https:\/\/omabverona.it\/wp-content\/uploads\/2024\/09\/Cat-OMAB-mod-2024-1.pdf\" title=\"\" target=\"_blank\">DOWNLOAD THE COMPLETE CATALOGUE<\/a><\/div><\/div><\/div><\/div><\/div>\n<\/div>","protected":false},"excerpt":{"rendered":"Griglia di Protezione Regolazione Tappeto Regolazione Spessore Questa macchina costruita in acciaio saldato \u00e8 indicata per laminare la pasta e renderla sfoglia. Ci\u00f2 possibile dalla velocit\u00e0 differenziata dei 2 tappeti trasportatori. I rulli sono in acciaio cromato a spessore, con raschiatori superiori ed inferiori di estrema facilit\u00e0 di smontaggio per la pulizia della macchina. Questa [...]","protected":false},"author":1,"featured_media":0,"parent":0,"menu_order":0,"comment_status":"closed","ping_status":"closed","template":"","meta":{"_monsterinsights_skip_tracking":false,"_monsterinsights_sitenote_active":false,"_monsterinsights_sitenote_note":"","_monsterinsights_sitenote_category":0,"footnotes":""},"class_list":["post-3325","page","type-page","status-publish","hentry"],"_links":{"self":[{"href":"https:\/\/omabverona.it\/en\/wp-json\/wp\/v2\/pages\/3325","targetHints":{"allow":["GET"]}}],"collection":[{"href":"https:\/\/omabverona.it\/en\/wp-json\/wp\/v2\/pages"}],"about":[{"href":"https:\/\/omabverona.it\/en\/wp-json\/wp\/v2\/types\/page"}],"author":[{"embeddable":true,"href":"https:\/\/omabverona.it\/en\/wp-json\/wp\/v2\/users\/1"}],"replies":[{"embeddable":true,"href":"https:\/\/omabverona.it\/en\/wp-json\/wp\/v2\/comments?post=3325"}],"version-history":[{"count":12,"href":"https:\/\/omabverona.it\/en\/wp-json\/wp\/v2\/pages\/3325\/revisions"}],"predecessor-version":[{"id":3685,"href":"https:\/\/omabverona.it\/en\/wp-json\/wp\/v2\/pages\/3325\/revisions\/3685"}],"wp:attachment":[{"href":"https:\/\/omabverona.it\/en\/wp-json\/wp\/v2\/media?parent=3325"}],"curies":[{"name":"wp","href":"https:\/\/api.w.org\/{rel}","templated":true}]}}