{"id":3370,"date":"2024-09-13T14:12:24","date_gmt":"2024-09-13T12:12:24","guid":{"rendered":"https:\/\/omabverona.it\/?page_id=3370"},"modified":"2024-11-04T16:20:53","modified_gmt":"2024-11-04T15:20:53","slug":"impastatrice-a-forcella","status":"publish","type":"page","link":"https:\/\/omabverona.it\/en\/impastatrice-a-forcella\/","title":{"rendered":"25kg fork mixer"},"content":{"rendered":"<div class=\"wpb-content-wrapper\"><div class=\"vc_row wpb_row vc_row-fluid\"><div class=\"wpb_column vc_column_container vc_col-sm-12\"><div class=\"vc_column-inner\"><div class=\"wpb_wrapper\"><div class=\"vc_empty_space\"   style=\"height: 32px\"><span class=\"vc_empty_space_inner\"><\/span><\/div><\/div><\/div><\/div><\/div><div class=\"vc_row wpb_row vc_row-fluid\"><div class=\"wpb_column vc_column_container vc_col-sm-12\"><div class=\"vc_column-inner\"><div class=\"wpb_wrapper\">\n\t<div  class=\"wpb_single_image wpb_content_element vc_align_center\">\n\t\t\n\t\t<figure class=\"wpb_wrapper vc_figure\">\n\t\t\t<div class=\"vc_single_image-wrapper   vc_box_border_grey\"><img loading=\"lazy\" decoding=\"async\" width=\"800\" height=\"800\" src=\"https:\/\/omabverona.it\/wp-content\/uploads\/2024\/09\/impastatrice-forcella-Prodotti-1.jpg\" class=\"vc_single_image-img attachment-full\" alt=\"\" title=\"impastatrice-forcella Prodotti\" srcset=\"https:\/\/omabverona.it\/wp-content\/uploads\/2024\/09\/impastatrice-forcella-Prodotti-1.jpg 800w, https:\/\/omabverona.it\/wp-content\/uploads\/2024\/09\/impastatrice-forcella-Prodotti-1-300x300.jpg 300w, https:\/\/omabverona.it\/wp-content\/uploads\/2024\/09\/impastatrice-forcella-Prodotti-1-150x150.jpg 150w, https:\/\/omabverona.it\/wp-content\/uploads\/2024\/09\/impastatrice-forcella-Prodotti-1-768x768.jpg 768w, https:\/\/omabverona.it\/wp-content\/uploads\/2024\/09\/impastatrice-forcella-Prodotti-1-600x600.jpg 600w, https:\/\/omabverona.it\/wp-content\/uploads\/2024\/09\/impastatrice-forcella-Prodotti-1-100x100.jpg 100w\" sizes=\"auto, (max-width: 800px) 100vw, 800px\" \/><\/div>\n\t\t<\/figure>\n\t<\/div>\n<\/div><\/div><\/div><\/div><div class=\"vc_row wpb_row vc_row-fluid\"><div class=\"wpb_column vc_column_container vc_col-sm-4\"><div class=\"vc_column-inner\"><div class=\"wpb_wrapper\">\n\t<div  class=\"wpb_single_image wpb_content_element vc_align_center\">\n\t\t\n\t\t<figure class=\"wpb_wrapper vc_figure\">\n\t\t\t<div class=\"vc_single_image-wrapper   vc_box_border_grey\"><img loading=\"lazy\" decoding=\"async\" width=\"700\" height=\"350\" src=\"https:\/\/omabverona.it\/wp-content\/uploads\/2024\/09\/interno-vasca.jpg\" class=\"vc_single_image-img attachment-full\" alt=\"\" title=\"interno-vasca\" srcset=\"https:\/\/omabverona.it\/wp-content\/uploads\/2024\/09\/interno-vasca.jpg 700w, https:\/\/omabverona.it\/wp-content\/uploads\/2024\/09\/interno-vasca-300x150.jpg 300w, https:\/\/omabverona.it\/wp-content\/uploads\/2024\/09\/interno-vasca-600x300.jpg 600w\" sizes=\"auto, (max-width: 700px) 100vw, 700px\" \/><\/div>\n\t\t<\/figure>\n\t<\/div>\n\n\t<div class=\"wpb_text_column wpb_content_element\" >\n\t\t<div class=\"wpb_wrapper\">\n\t\t\t<p style=\"text-align: center;\">Bathtub interior<\/p>\n\n\t\t<\/div>\n\t<\/div>\n<\/div><\/div><\/div><div class=\"wpb_column vc_column_container vc_col-sm-4\"><div class=\"vc_column-inner\"><div class=\"wpb_wrapper\">\n\t<div  class=\"wpb_single_image wpb_content_element vc_align_center\">\n\t\t\n\t\t<figure class=\"wpb_wrapper vc_figure\">\n\t\t\t<div class=\"vc_single_image-wrapper   vc_box_border_grey\"><img loading=\"lazy\" decoding=\"async\" width=\"700\" height=\"350\" src=\"https:\/\/omabverona.it\/wp-content\/uploads\/2024\/09\/utensile-e-protezione.jpg\" class=\"vc_single_image-img attachment-full\" alt=\"\" title=\"utensile-e-protezione\" srcset=\"https:\/\/omabverona.it\/wp-content\/uploads\/2024\/09\/utensile-e-protezione.jpg 700w, https:\/\/omabverona.it\/wp-content\/uploads\/2024\/09\/utensile-e-protezione-300x150.jpg 300w, https:\/\/omabverona.it\/wp-content\/uploads\/2024\/09\/utensile-e-protezione-600x300.jpg 600w\" sizes=\"auto, (max-width: 700px) 100vw, 700px\" \/><\/div>\n\t\t<\/figure>\n\t<\/div>\n\n\t<div class=\"wpb_text_column wpb_content_element\" >\n\t\t<div class=\"wpb_wrapper\">\n\t\t\t<p style=\"text-align: center;\">Tool and protection<\/p>\n\n\t\t<\/div>\n\t<\/div>\n<\/div><\/div><\/div><div class=\"wpb_column vc_column_container vc_col-sm-4\"><div class=\"vc_column-inner\"><div class=\"wpb_wrapper\">\n\t<div  class=\"wpb_single_image wpb_content_element vc_align_center\">\n\t\t\n\t\t<figure class=\"wpb_wrapper vc_figure\">\n\t\t\t<div class=\"vc_single_image-wrapper   vc_box_border_grey\"><img loading=\"lazy\" decoding=\"async\" width=\"700\" height=\"350\" src=\"https:\/\/omabverona.it\/wp-content\/uploads\/2024\/09\/Carrello-1.jpg\" class=\"vc_single_image-img attachment-full\" alt=\"\" title=\"Carrello (1)\" srcset=\"https:\/\/omabverona.it\/wp-content\/uploads\/2024\/09\/Carrello-1.jpg 700w, https:\/\/omabverona.it\/wp-content\/uploads\/2024\/09\/Carrello-1-300x150.jpg 300w, https:\/\/omabverona.it\/wp-content\/uploads\/2024\/09\/Carrello-1-18x9.jpg 18w, https:\/\/omabverona.it\/wp-content\/uploads\/2024\/09\/Carrello-1-600x300.jpg 600w\" sizes=\"auto, (max-width: 700px) 100vw, 700px\" \/><\/div>\n\t\t<\/figure>\n\t<\/div>\n\n\t<div class=\"wpb_text_column wpb_content_element\" >\n\t\t<div class=\"wpb_wrapper\">\n\t\t\t<p style=\"text-align: center;\">Carrello con ruote &#8211; altezza 57 cm<\/p>\n\n\t\t<\/div>\n\t<\/div>\n<\/div><\/div><\/div><\/div><div class=\"vc_row wpb_row vc_row-fluid\"><div class=\"wpb_column vc_column_container vc_col-sm-12\"><div class=\"vc_column-inner\"><div class=\"wpb_wrapper\">\n\t<div class=\"wpb_text_column wpb_content_element\" >\n\t\t<div class=\"wpb_wrapper\">\n\t\t\t<div class=\"wpb_text_column wpb_content_element\">\n<div class=\"wpb_wrapper\">\n<p>This machine differs from all other machines on the market for its sturdiness and perfect, silent operation. The robustness is given by the turned and ground stainless steel tank with a spherical background. The silence is given by two gearmotors with helical gears in special cast iron with steel pinion and ball bearings all in an oil bath for the movement of the bowl and the tool. The machine can be supplied with 2 motors with one or two speeds. It is equipped with accident prevention protection and a 24V low voltage electrical system in compliance with the law.<\/p>\n<\/div>\n<\/div>\n\n\t\t<\/div>\n\t<\/div>\n\n\t<div  class=\"wpb_single_image wpb_content_element vc_align_center\">\n\t\t\n\t\t<figure class=\"wpb_wrapper vc_figure\">\n\t\t\t<a class=\"\" data-lightbox=\"lightbox[rel-3370-3977985249]\" href=\"https:\/\/omabverona.it\/wp-content\/uploads\/2024\/09\/TABELLA-3.jpg\" target=\"_self\"><img loading=\"lazy\" decoding=\"async\" width=\"1000\" height=\"333\" src=\"https:\/\/omabverona.it\/wp-content\/uploads\/2024\/09\/TABELLA-3.jpg\" class=\"vc_single_image-img attachment-full\" alt=\"\" title=\"TABELLA\" srcset=\"https:\/\/omabverona.it\/wp-content\/uploads\/2024\/09\/TABELLA-3.jpg 1000w, https:\/\/omabverona.it\/wp-content\/uploads\/2024\/09\/TABELLA-3-300x100.jpg 300w, https:\/\/omabverona.it\/wp-content\/uploads\/2024\/09\/TABELLA-3-768x256.jpg 768w, https:\/\/omabverona.it\/wp-content\/uploads\/2024\/09\/TABELLA-3-600x200.jpg 600w\" sizes=\"auto, (max-width: 1000px) 100vw, 1000px\" \/><\/a>\n\t\t<\/figure>\n\t<\/div>\n<div class=\"vc_btn3-container vc_btn3-center\" ><a style=\"background-color:#00aa4f; color:#ffffff;\" class=\"vc_general vc_btn3 vc_btn3-size-md vc_btn3-shape-rounded vc_btn3-style-custom\" href=\"https:\/\/omabverona.it\/wp-content\/uploads\/2024\/09\/Cat-OMAB-mod-2024-1.pdf\" title=\"\" target=\"_blank\">DOWNLOAD THE COMPLETE CATALOGUE<\/a><\/div><\/div><\/div><\/div><\/div>\n<\/div>","protected":false},"excerpt":{"rendered":"Interno vasca Utensile e protezione Carrello con ruote - altezza 57 cm Questa macchina si differenzia da tutte le altre macchine in commercio per la sua robustezza e per il funzionamento perfetto e silenzioso. La robustezza \u00e8 data dalla vasca in acciaio inox tornita e rettificata a sfondo sferico. La silenziosit\u00e0 \u00e8 data da due [...]","protected":false},"author":1,"featured_media":0,"parent":0,"menu_order":0,"comment_status":"closed","ping_status":"closed","template":"","meta":{"_monsterinsights_skip_tracking":false,"_monsterinsights_sitenote_active":false,"_monsterinsights_sitenote_note":"","_monsterinsights_sitenote_category":0,"footnotes":""},"class_list":["post-3370","page","type-page","status-publish","hentry"],"_links":{"self":[{"href":"https:\/\/omabverona.it\/en\/wp-json\/wp\/v2\/pages\/3370","targetHints":{"allow":["GET"]}}],"collection":[{"href":"https:\/\/omabverona.it\/en\/wp-json\/wp\/v2\/pages"}],"about":[{"href":"https:\/\/omabverona.it\/en\/wp-json\/wp\/v2\/types\/page"}],"author":[{"embeddable":true,"href":"https:\/\/omabverona.it\/en\/wp-json\/wp\/v2\/users\/1"}],"replies":[{"embeddable":true,"href":"https:\/\/omabverona.it\/en\/wp-json\/wp\/v2\/comments?post=3370"}],"version-history":[{"count":8,"href":"https:\/\/omabverona.it\/en\/wp-json\/wp\/v2\/pages\/3370\/revisions"}],"predecessor-version":[{"id":3672,"href":"https:\/\/omabverona.it\/en\/wp-json\/wp\/v2\/pages\/3370\/revisions\/3672"}],"wp:attachment":[{"href":"https:\/\/omabverona.it\/en\/wp-json\/wp\/v2\/media?parent=3370"}],"curies":[{"name":"wp","href":"https:\/\/api.w.org\/{rel}","templated":true}]}}