{"id":3384,"date":"2024-09-13T15:24:05","date_gmt":"2024-09-13T13:24:05","guid":{"rendered":"https:\/\/omabverona.it\/?page_id=3384"},"modified":"2024-11-04T16:22:14","modified_gmt":"2024-11-04T15:22:14","slug":"impastatrice-tuffante","status":"publish","type":"page","link":"https:\/\/omabverona.it\/en\/impastatrice-tuffante\/","title":{"rendered":"Plunging mixer"},"content":{"rendered":"<div class=\"wpb-content-wrapper\"><div class=\"vc_row wpb_row vc_row-fluid\"><div class=\"wpb_column vc_column_container vc_col-sm-12\"><div class=\"vc_column-inner\"><div class=\"wpb_wrapper\"><div class=\"vc_empty_space\"   style=\"height: 32px\"><span class=\"vc_empty_space_inner\"><\/span><\/div><\/div><\/div><\/div><\/div><div class=\"vc_row wpb_row vc_row-fluid\"><div class=\"wpb_column vc_column_container vc_col-sm-12\"><div class=\"vc_column-inner\"><div class=\"wpb_wrapper\">\n\t<div  class=\"wpb_single_image wpb_content_element vc_align_center\">\n\t\t\n\t\t<figure class=\"wpb_wrapper vc_figure\">\n\t\t\t<div class=\"vc_single_image-wrapper   vc_box_border_grey\"><img loading=\"lazy\" decoding=\"async\" width=\"800\" height=\"800\" src=\"https:\/\/omabverona.it\/wp-content\/uploads\/2024\/09\/impastatrice-tuffante-Prodotti-1.jpg\" class=\"vc_single_image-img attachment-full\" alt=\"\" title=\"impastatrice-tuffante Prodotti\" srcset=\"https:\/\/omabverona.it\/wp-content\/uploads\/2024\/09\/impastatrice-tuffante-Prodotti-1.jpg 800w, https:\/\/omabverona.it\/wp-content\/uploads\/2024\/09\/impastatrice-tuffante-Prodotti-1-300x300.jpg 300w, https:\/\/omabverona.it\/wp-content\/uploads\/2024\/09\/impastatrice-tuffante-Prodotti-1-150x150.jpg 150w, https:\/\/omabverona.it\/wp-content\/uploads\/2024\/09\/impastatrice-tuffante-Prodotti-1-768x768.jpg 768w, https:\/\/omabverona.it\/wp-content\/uploads\/2024\/09\/impastatrice-tuffante-Prodotti-1-600x600.jpg 600w, https:\/\/omabverona.it\/wp-content\/uploads\/2024\/09\/impastatrice-tuffante-Prodotti-1-100x100.jpg 100w\" sizes=\"auto, (max-width: 800px) 100vw, 800px\" \/><\/div>\n\t\t<\/figure>\n\t<\/div>\n<\/div><\/div><\/div><\/div><div class=\"vc_row wpb_row vc_row-fluid\"><div class=\"wpb_column vc_column_container vc_col-sm-6\"><div class=\"vc_column-inner\"><div class=\"wpb_wrapper\">\n\t<div  class=\"wpb_single_image wpb_content_element vc_align_center\">\n\t\t\n\t\t<figure class=\"wpb_wrapper vc_figure\">\n\t\t\t<div class=\"vc_single_image-wrapper   vc_box_border_grey\"><img loading=\"lazy\" decoding=\"async\" width=\"600\" height=\"600\" src=\"https:\/\/omabverona.it\/wp-content\/uploads\/2024\/09\/utensili-regolabili.jpg\" class=\"vc_single_image-img attachment-full\" alt=\"\" title=\"utensili-regolabili\" srcset=\"https:\/\/omabverona.it\/wp-content\/uploads\/2024\/09\/utensili-regolabili.jpg 600w, https:\/\/omabverona.it\/wp-content\/uploads\/2024\/09\/utensili-regolabili-300x300.jpg 300w, https:\/\/omabverona.it\/wp-content\/uploads\/2024\/09\/utensili-regolabili-150x150.jpg 150w, https:\/\/omabverona.it\/wp-content\/uploads\/2024\/09\/utensili-regolabili-100x100.jpg 100w\" sizes=\"auto, (max-width: 600px) 100vw, 600px\" \/><\/div>\n\t\t<\/figure>\n\t<\/div>\n\n\t<div class=\"wpb_text_column wpb_content_element\" >\n\t\t<div class=\"wpb_wrapper\">\n\t\t\t<p style=\"text-align: center;\">Adjustable tools<\/p>\n\n\t\t<\/div>\n\t<\/div>\n<\/div><\/div><\/div><div class=\"wpb_column vc_column_container vc_col-sm-6\"><div class=\"vc_column-inner\"><div class=\"wpb_wrapper\"><\/div><\/div><\/div><\/div><div class=\"vc_row wpb_row vc_row-fluid\"><div class=\"wpb_column vc_column_container vc_col-sm-12\"><div class=\"vc_column-inner\"><div class=\"wpb_wrapper\">\n\t<div class=\"wpb_text_column wpb_content_element\" >\n\t\t<div class=\"wpb_wrapper\">\n\t\t\t<p>Machine particularly suitable for its ability to work both soft and hard dough quickly without heating it, thus benefiting the leavening and good outcome of the product. The machine is built in welded steel, extremely robust, which allows it to withstand any effort regardless of how thick the dough is. The silence is given by the head with helical gears in special cast iron with steel pinion and ball bearings for the movement of the arms by a reducer for the movement of the bowl, all in an oil bath. The tank is made of thick stainless steel. The machine is equipped with two two-speed motors. It is equipped with accident prevention protection and a 24V low voltage electrical system in compliance with the law.<\/p>\n\n\t\t<\/div>\n\t<\/div>\n\n\t<div  class=\"wpb_single_image wpb_content_element vc_align_center\">\n\t\t\n\t\t<figure class=\"wpb_wrapper vc_figure\">\n\t\t\t<a class=\"\" data-lightbox=\"lightbox[rel-3384-3247460719]\" href=\"https:\/\/omabverona.it\/wp-content\/uploads\/2024\/09\/TABELLA-2-1.jpg\" target=\"_self\"><img loading=\"lazy\" decoding=\"async\" width=\"1000\" height=\"333\" src=\"https:\/\/omabverona.it\/wp-content\/uploads\/2024\/09\/TABELLA-2-1.jpg\" class=\"vc_single_image-img attachment-full\" alt=\"\" title=\"TABELLA (2)\" srcset=\"https:\/\/omabverona.it\/wp-content\/uploads\/2024\/09\/TABELLA-2-1.jpg 1000w, https:\/\/omabverona.it\/wp-content\/uploads\/2024\/09\/TABELLA-2-1-300x100.jpg 300w, https:\/\/omabverona.it\/wp-content\/uploads\/2024\/09\/TABELLA-2-1-768x256.jpg 768w, https:\/\/omabverona.it\/wp-content\/uploads\/2024\/09\/TABELLA-2-1-18x6.jpg 18w, https:\/\/omabverona.it\/wp-content\/uploads\/2024\/09\/TABELLA-2-1-600x200.jpg 600w\" sizes=\"auto, (max-width: 1000px) 100vw, 1000px\" \/><\/a>\n\t\t<\/figure>\n\t<\/div>\n<div class=\"vc_btn3-container vc_btn3-center\" ><a style=\"background-color:#00aa4f; color:#ffffff;\" class=\"vc_general vc_btn3 vc_btn3-size-md vc_btn3-shape-rounded vc_btn3-style-custom\" href=\"https:\/\/omabverona.it\/wp-content\/uploads\/2024\/09\/Cat-OMAB-mod-2024-1.pdf\" title=\"\" target=\"_blank\">DOWNLOAD THE COMPLETE CATALOGUE<\/a><\/div><\/div><\/div><\/div><\/div>\n<\/div>","protected":false},"excerpt":{"rendered":"Utensili regolabili Macchina particolarmente indicata per la sua capacit\u00e0 di lavorare la pasta sia molle che dura, con rapidit\u00e0 senza riscaldarla, a beneficio cos\u00ec della lievitazione e della buona riuscita del prodotto. La macchina viene costruita in acciaio saldata, di estrema robustezza, il che consente di sopportare qualsiasi sforzo per quanto consistente sia l\u2019impasto. La [...]","protected":false},"author":1,"featured_media":0,"parent":0,"menu_order":0,"comment_status":"closed","ping_status":"closed","template":"","meta":{"_monsterinsights_skip_tracking":false,"_monsterinsights_sitenote_active":false,"_monsterinsights_sitenote_note":"","_monsterinsights_sitenote_category":0,"footnotes":""},"class_list":["post-3384","page","type-page","status-publish","hentry"],"_links":{"self":[{"href":"https:\/\/omabverona.it\/en\/wp-json\/wp\/v2\/pages\/3384","targetHints":{"allow":["GET"]}}],"collection":[{"href":"https:\/\/omabverona.it\/en\/wp-json\/wp\/v2\/pages"}],"about":[{"href":"https:\/\/omabverona.it\/en\/wp-json\/wp\/v2\/types\/page"}],"author":[{"embeddable":true,"href":"https:\/\/omabverona.it\/en\/wp-json\/wp\/v2\/users\/1"}],"replies":[{"embeddable":true,"href":"https:\/\/omabverona.it\/en\/wp-json\/wp\/v2\/comments?post=3384"}],"version-history":[{"count":6,"href":"https:\/\/omabverona.it\/en\/wp-json\/wp\/v2\/pages\/3384\/revisions"}],"predecessor-version":[{"id":3676,"href":"https:\/\/omabverona.it\/en\/wp-json\/wp\/v2\/pages\/3384\/revisions\/3676"}],"wp:attachment":[{"href":"https:\/\/omabverona.it\/en\/wp-json\/wp\/v2\/media?parent=3384"}],"curies":[{"name":"wp","href":"https:\/\/api.w.org\/{rel}","templated":true}]}}