{"id":3447,"date":"2024-09-16T15:05:45","date_gmt":"2024-09-16T13:05:45","guid":{"rendered":"https:\/\/omabverona.it\/?page_id=3447"},"modified":"2024-11-04T16:25:23","modified_gmt":"2024-11-04T15:25:23","slug":"planetaria","status":"publish","type":"page","link":"https:\/\/omabverona.it\/en\/planetaria\/","title":{"rendered":"Planetary"},"content":{"rendered":"<div class=\"wpb-content-wrapper\"><div class=\"vc_row wpb_row vc_row-fluid\"><div class=\"wpb_column vc_column_container vc_col-sm-12\"><div class=\"vc_column-inner\"><div class=\"wpb_wrapper\"><div class=\"vc_empty_space\"   style=\"height: 32px\"><span class=\"vc_empty_space_inner\"><\/span><\/div><\/div><\/div><\/div><\/div><div class=\"vc_row wpb_row vc_row-fluid\"><div class=\"wpb_column vc_column_container vc_col-sm-6\"><div class=\"vc_column-inner\"><div class=\"wpb_wrapper\">\n\t<div  class=\"wpb_single_image wpb_content_element vc_align_center\">\n\t\t\n\t\t<figure class=\"wpb_wrapper vc_figure\">\n\t\t\t<div class=\"vc_single_image-wrapper   vc_box_border_grey\"><img loading=\"lazy\" decoding=\"async\" width=\"600\" height=\"750\" src=\"https:\/\/omabverona.it\/wp-content\/uploads\/2024\/09\/SM-7-HR-N-con-onda-chiusa.jpg\" class=\"vc_single_image-img attachment-full\" alt=\"\" title=\"SM-7-HR-N-con-onda-chiusa\" srcset=\"https:\/\/omabverona.it\/wp-content\/uploads\/2024\/09\/SM-7-HR-N-con-onda-chiusa.jpg 600w, https:\/\/omabverona.it\/wp-content\/uploads\/2024\/09\/SM-7-HR-N-con-onda-chiusa-240x300.jpg 240w\" sizes=\"auto, (max-width: 600px) 100vw, 600px\" \/><\/div>\n\t\t<\/figure>\n\t<\/div>\n\n\t<div class=\"wpb_text_column wpb_content_element  vc_custom_1729700923081\" >\n\t\t<div class=\"wpb_wrapper\">\n\t\t\t<h4 style=\"text-align: center;\">PL7 POWER<\/h4>\n\n\t\t<\/div>\n\t<\/div>\n<div class=\"vc_empty_space\"   style=\"height: 40px\"><span class=\"vc_empty_space_inner\"><\/span><\/div><\/div><\/div><\/div><div class=\"wpb_column vc_column_container vc_col-sm-6\"><div class=\"vc_column-inner\"><div class=\"wpb_wrapper\">\n\t<div  class=\"wpb_single_image wpb_content_element vc_align_center\">\n\t\t\n\t\t<figure class=\"wpb_wrapper vc_figure\">\n\t\t\t<div class=\"vc_single_image-wrapper   vc_box_border_grey\"><img loading=\"lazy\" decoding=\"async\" width=\"600\" height=\"750\" src=\"https:\/\/omabverona.it\/wp-content\/uploads\/2024\/09\/SM12-chiusa-neutra.jpg\" class=\"vc_single_image-img attachment-full\" alt=\"\" title=\"SM12-chiusa-neutra\" srcset=\"https:\/\/omabverona.it\/wp-content\/uploads\/2024\/09\/SM12-chiusa-neutra.jpg 600w, https:\/\/omabverona.it\/wp-content\/uploads\/2024\/09\/SM12-chiusa-neutra-240x300.jpg 240w\" sizes=\"auto, (max-width: 600px) 100vw, 600px\" \/><\/div>\n\t\t<\/figure>\n\t<\/div>\n\n\t<div class=\"wpb_text_column wpb_content_element  vc_custom_1729700932601\" >\n\t\t<div class=\"wpb_wrapper\">\n\t\t\t<h4 style=\"text-align: center;\">PL12<\/h4>\n\n\t\t<\/div>\n\t<\/div>\n<div class=\"vc_empty_space\"   style=\"height: 40px\"><span class=\"vc_empty_space_inner\"><\/span><\/div><\/div><\/div><\/div><\/div><div class=\"vc_row wpb_row vc_row-fluid\"><div class=\"wpb_column vc_column_container vc_col-sm-4\"><div class=\"vc_column-inner\"><div class=\"wpb_wrapper\">\n\t<div  class=\"wpb_single_image wpb_content_element vc_align_center\">\n\t\t\n\t\t<figure class=\"wpb_wrapper vc_figure\">\n\t\t\t<div class=\"vc_single_image-wrapper   vc_box_border_grey\"><img loading=\"lazy\" decoding=\"async\" width=\"800\" height=\"600\" src=\"https:\/\/omabverona.it\/wp-content\/uploads\/2024\/09\/gancio-2.jpg\" class=\"vc_single_image-img attachment-full\" alt=\"\" title=\"gancio\" srcset=\"https:\/\/omabverona.it\/wp-content\/uploads\/2024\/09\/gancio-2.jpg 800w, https:\/\/omabverona.it\/wp-content\/uploads\/2024\/09\/gancio-2-300x225.jpg 300w, https:\/\/omabverona.it\/wp-content\/uploads\/2024\/09\/gancio-2-768x576.jpg 768w, https:\/\/omabverona.it\/wp-content\/uploads\/2024\/09\/gancio-2-80x60.jpg 80w, https:\/\/omabverona.it\/wp-content\/uploads\/2024\/09\/gancio-2-600x450.jpg 600w\" sizes=\"auto, (max-width: 800px) 100vw, 800px\" \/><\/div>\n\t\t<\/figure>\n\t<\/div>\n\n\t<div class=\"wpb_text_column wpb_content_element\" >\n\t\t<div class=\"wpb_wrapper\">\n\t\t\t<p style=\"text-align: center;\">Hook<\/p>\n\n\t\t<\/div>\n\t<\/div>\n<\/div><\/div><\/div><div class=\"wpb_column vc_column_container vc_col-sm-4\"><div class=\"vc_column-inner\"><div class=\"wpb_wrapper\">\n\t<div  class=\"wpb_single_image wpb_content_element vc_align_center\">\n\t\t\n\t\t<figure class=\"wpb_wrapper vc_figure\">\n\t\t\t<div class=\"vc_single_image-wrapper   vc_box_border_grey\"><img loading=\"lazy\" decoding=\"async\" width=\"800\" height=\"600\" src=\"https:\/\/omabverona.it\/wp-content\/uploads\/2024\/09\/spatola-2.jpg\" class=\"vc_single_image-img attachment-full\" alt=\"\" title=\"spatola\" srcset=\"https:\/\/omabverona.it\/wp-content\/uploads\/2024\/09\/spatola-2.jpg 800w, https:\/\/omabverona.it\/wp-content\/uploads\/2024\/09\/spatola-2-300x225.jpg 300w, https:\/\/omabverona.it\/wp-content\/uploads\/2024\/09\/spatola-2-768x576.jpg 768w, https:\/\/omabverona.it\/wp-content\/uploads\/2024\/09\/spatola-2-80x60.jpg 80w, https:\/\/omabverona.it\/wp-content\/uploads\/2024\/09\/spatola-2-600x450.jpg 600w\" sizes=\"auto, (max-width: 800px) 100vw, 800px\" \/><\/div>\n\t\t<\/figure>\n\t<\/div>\n\n\t<div class=\"wpb_text_column wpb_content_element\" >\n\t\t<div class=\"wpb_wrapper\">\n\t\t\t<p style=\"text-align: center;\">Spatula<\/p>\n\n\t\t<\/div>\n\t<\/div>\n<\/div><\/div><\/div><div class=\"wpb_column vc_column_container vc_col-sm-4\"><div class=\"vc_column-inner\"><div class=\"wpb_wrapper\">\n\t<div  class=\"wpb_single_image wpb_content_element vc_align_center\">\n\t\t\n\t\t<figure class=\"wpb_wrapper vc_figure\">\n\t\t\t<div class=\"vc_single_image-wrapper   vc_box_border_grey\"><img loading=\"lazy\" decoding=\"async\" width=\"800\" height=\"600\" src=\"https:\/\/omabverona.it\/wp-content\/uploads\/2024\/09\/frusta-fili-fini-1.jpg\" class=\"vc_single_image-img attachment-full\" alt=\"\" title=\"frusta-fili-fini\" srcset=\"https:\/\/omabverona.it\/wp-content\/uploads\/2024\/09\/frusta-fili-fini-1.jpg 800w, https:\/\/omabverona.it\/wp-content\/uploads\/2024\/09\/frusta-fili-fini-1-300x225.jpg 300w, https:\/\/omabverona.it\/wp-content\/uploads\/2024\/09\/frusta-fili-fini-1-768x576.jpg 768w, https:\/\/omabverona.it\/wp-content\/uploads\/2024\/09\/frusta-fili-fini-1-80x60.jpg 80w, https:\/\/omabverona.it\/wp-content\/uploads\/2024\/09\/frusta-fili-fini-1-600x450.jpg 600w\" sizes=\"auto, (max-width: 800px) 100vw, 800px\" \/><\/div>\n\t\t<\/figure>\n\t<\/div>\n\n\t<div class=\"wpb_text_column wpb_content_element\" >\n\t\t<div class=\"wpb_wrapper\">\n\t\t\t<p style=\"text-align: center;\">Whisk fine wires<\/p>\n\n\t\t<\/div>\n\t<\/div>\n<\/div><\/div><\/div><\/div><div class=\"vc_row wpb_row vc_row-fluid\"><div class=\"wpb_column vc_column_container vc_col-sm-12\"><div class=\"vc_column-inner\"><div class=\"wpb_wrapper\">\n\t<div class=\"wpb_text_column wpb_content_element\" >\n\t\t<div class=\"wpb_wrapper\">\n\t\t\t<div class=\"wpb_text_column wpb_content_element\">\n<div class=\"wpb_wrapper\">\n<div class=\"wpb_text_column wpb_content_element\">\n<div class=\"wpb_wrapper\">\n<div class=\"wpb_text_column wpb_content_element\">\n<div class=\"wpb_wrapper\">\n<p><strong>PL7 POWER<\/strong><br \/>\nSmall, compact but robust and solid. Made of painted steel and stainless steel tank. Thanks to the electronic variator, a wide range of speeds is allowed, suitable for kneading and beating, for pastry laboratories, ice cream parlors and catering, the machine is equipped with a 24 V accident prevention system compliant with CE regulations. As standard it has the head tilting, the bowl protection grid, 3 tools and automatic stop switch on the head and on the bowl.<\/p>\n<p><strong>PL12<\/strong><br \/>\nThis machine has the same performance and structure as the PL7 power with a greater liter capacity, in this version a timer has been added while the head is not tiltable.<\/p>\n<p>&nbsp;<\/p>\n<\/div>\n<\/div>\n<\/div>\n<\/div>\n<\/div>\n<\/div>\n\n\t\t<\/div>\n\t<\/div>\n\n\t<div  class=\"wpb_single_image wpb_content_element vc_align_center\">\n\t\t\n\t\t<figure class=\"wpb_wrapper vc_figure\">\n\t\t\t<a class=\"\" data-lightbox=\"lightbox[rel-3447-2158117285]\" href=\"https:\/\/omabverona.it\/wp-content\/uploads\/2024\/09\/TABELLA-17.jpg\" target=\"_self\"><img loading=\"lazy\" decoding=\"async\" width=\"1000\" height=\"333\" src=\"https:\/\/omabverona.it\/wp-content\/uploads\/2024\/09\/TABELLA-17.jpg\" class=\"vc_single_image-img attachment-full\" alt=\"\" title=\"TABELLA\" srcset=\"https:\/\/omabverona.it\/wp-content\/uploads\/2024\/09\/TABELLA-17.jpg 1000w, https:\/\/omabverona.it\/wp-content\/uploads\/2024\/09\/TABELLA-17-300x100.jpg 300w, https:\/\/omabverona.it\/wp-content\/uploads\/2024\/09\/TABELLA-17-768x256.jpg 768w, https:\/\/omabverona.it\/wp-content\/uploads\/2024\/09\/TABELLA-17-600x200.jpg 600w\" sizes=\"auto, (max-width: 1000px) 100vw, 1000px\" \/><\/a>\n\t\t<\/figure>\n\t<\/div>\n<div class=\"vc_btn3-container vc_btn3-center\" ><a style=\"background-color:#00aa4f; color:#ffffff;\" class=\"vc_general vc_btn3 vc_btn3-size-md vc_btn3-shape-rounded vc_btn3-style-custom\" href=\"https:\/\/omabverona.it\/wp-content\/uploads\/2024\/09\/Cat-OMAB-mod-2024-1.pdf\" title=\"\" target=\"_blank\">DOWNLOAD THE COMPLETE CATALOGUE<\/a><\/div><\/div><\/div><\/div><\/div>\n<\/div>","protected":false},"excerpt":{"rendered":"PL7 POWER PL12 Gancio Spatola Frusta fili fini PL7 POWER Piccola, compatta ma robusta e solida. Realizzata in acciaio verniciato e vasca in acciaio inox. Grazie al variatore elettronico \u00e8 consentita una vasta gamma di velocit\u00e0, adatta ad impastare e sbattere, per laboratori di pasticceria, gelaterie e ristorazione, la macchina \u00e8 dotata di un impianto [...]","protected":false},"author":1,"featured_media":0,"parent":0,"menu_order":0,"comment_status":"closed","ping_status":"closed","template":"","meta":{"_monsterinsights_skip_tracking":false,"_monsterinsights_sitenote_active":false,"_monsterinsights_sitenote_note":"","_monsterinsights_sitenote_category":0,"footnotes":""},"class_list":["post-3447","page","type-page","status-publish","hentry"],"_links":{"self":[{"href":"https:\/\/omabverona.it\/en\/wp-json\/wp\/v2\/pages\/3447","targetHints":{"allow":["GET"]}}],"collection":[{"href":"https:\/\/omabverona.it\/en\/wp-json\/wp\/v2\/pages"}],"about":[{"href":"https:\/\/omabverona.it\/en\/wp-json\/wp\/v2\/types\/page"}],"author":[{"embeddable":true,"href":"https:\/\/omabverona.it\/en\/wp-json\/wp\/v2\/users\/1"}],"replies":[{"embeddable":true,"href":"https:\/\/omabverona.it\/en\/wp-json\/wp\/v2\/comments?post=3447"}],"version-history":[{"count":8,"href":"https:\/\/omabverona.it\/en\/wp-json\/wp\/v2\/pages\/3447\/revisions"}],"predecessor-version":[{"id":3683,"href":"https:\/\/omabverona.it\/en\/wp-json\/wp\/v2\/pages\/3447\/revisions\/3683"}],"wp:attachment":[{"href":"https:\/\/omabverona.it\/en\/wp-json\/wp\/v2\/media?parent=3447"}],"curies":[{"name":"wp","href":"https:\/\/api.w.org\/{rel}","templated":true}]}}